{"id":160,"date":"2025-04-23T09:09:52","date_gmt":"2025-04-23T09:09:52","guid":{"rendered":"https:\/\/maketsehir.com\/?page_id=160"},"modified":"2025-05-11T10:11:28","modified_gmt":"2025-05-11T10:11:28","slug":"blog","status":"publish","type":"page","link":"https:\/\/maketsehir.com\/ar\/blog\/","title":{"rendered":"BLOG"},"content":{"rendered":"<style>.elementor-widget-container .eael-protected-content-message{font-family:var( --e-global-typography-secondary-font-family ), Sans-serif;font-size:var( --e-global-typography-secondary-font-size );font-weight:var( --e-global-typography-secondary-font-weight );text-transform:var( --e-global-typography-secondary-text-transform );font-style:var( --e-global-typography-secondary-font-style );text-decoration:var( --e-global-typography-secondary-text-decoration );line-height:var( --e-global-typography-secondary-line-height );letter-spacing:var( --e-global-typography-secondary-letter-spacing );}.elementor-widget-container .protected-content-error-msg{font-family:var( --e-global-typography-secondary-font-family ), Sans-serif;font-size:var( --e-global-typography-secondary-font-size );font-weight:var( --e-global-typography-secondary-font-weight );text-transform:var( --e-global-typography-secondary-text-transform );font-style:var( --e-global-typography-secondary-font-style );text-decoration:var( --e-global-typography-secondary-text-decoration );line-height:var( --e-global-typography-secondary-line-height );letter-spacing:var( --e-global-typography-secondary-letter-spacing );}.elementor-160 .elementor-element.elementor-element-77fd718{--display:flex;--flex-direction:column;--container-widget-width:100%;--container-widget-height:initial;--container-widget-flex-grow:0;--container-widget-align-self:initial;--flex-wrap-mobile:wrap;--overlay-opacity:0.5;--padding-top:100px;--padding-bottom:100px;--padding-left:0px;--padding-right:0px;overflow:visible;}.elementor-160 .elementor-element.elementor-element-77fd718:not(.elementor-motion-effects-element-type-background), .elementor-160 .elementor-element.elementor-element-77fd718 > .elementor-motion-effects-container > .elementor-motion-effects-layer{background-image:url(\"https:\/\/maketsehir.com\/wp-content\/uploads\/2025\/04\/banner-scaled.jpg\");background-position:center center;background-repeat:no-repeat;background-size:auto;}.elementor-160 .elementor-element.elementor-element-77fd718::before, .elementor-160 .elementor-element.elementor-element-77fd718 > .elementor-background-video-container::before, .elementor-160 .elementor-element.elementor-element-77fd718 > .e-con-inner > .elementor-background-video-container::before, .elementor-160 .elementor-element.elementor-element-77fd718 > .elementor-background-slideshow::before, .elementor-160 .elementor-element.elementor-element-77fd718 > .e-con-inner > .elementor-background-slideshow::before, .elementor-160 .elementor-element.elementor-element-77fd718 > .elementor-motion-effects-container > .elementor-motion-effects-layer::before{background-color:#000000;--background-overlay:'';}.elementor-widget-heading .eael-protected-content-message{font-family:var( --e-global-typography-secondary-font-family ), Sans-serif;font-size:var( --e-global-typography-secondary-font-size );font-weight:var( --e-global-typography-secondary-font-weight );text-transform:var( --e-global-typography-secondary-text-transform );font-style:var( --e-global-typography-secondary-font-style );text-decoration:var( --e-global-typography-secondary-text-decoration );line-height:var( --e-global-typography-secondary-line-height );letter-spacing:var( --e-global-typography-secondary-letter-spacing );}.elementor-widget-heading .protected-content-error-msg{font-family:var( --e-global-typography-secondary-font-family ), Sans-serif;font-size:var( --e-global-typography-secondary-font-size );font-weight:var( --e-global-typography-secondary-font-weight );text-transform:var( --e-global-typography-secondary-text-transform );font-style:var( --e-global-typography-secondary-font-style );text-decoration:var( --e-global-typography-secondary-text-decoration );line-height:var( --e-global-typography-secondary-line-height );letter-spacing:var( --e-global-typography-secondary-letter-spacing );}.elementor-widget-heading .elementor-heading-title{font-family:var( --e-global-typography-primary-font-family ), Sans-serif;font-size:var( --e-global-typography-primary-font-size );font-weight:var( --e-global-typography-primary-font-weight );text-transform:var( --e-global-typography-primary-text-transform );font-style:var( --e-global-typography-primary-font-style );text-decoration:var( --e-global-typography-primary-text-decoration );line-height:var( --e-global-typography-primary-line-height );letter-spacing:var( --e-global-typography-primary-letter-spacing );word-spacing:var( --e-global-typography-primary-word-spacing );color:var( --e-global-color-primary );}.elementor-160 .elementor-element.elementor-element-87a2b35 .elementor-heading-title{color:#FFFFFF;}.elementor-160 .elementor-element.elementor-element-c331583{--display:flex;--margin-top:050px;--margin-bottom:0px;--margin-left:0px;--margin-right:0px;overflow:visible;}.elementor-160 .elementor-element.elementor-element-0601de1 .elementor-heading-title{font-family:\"Poppins\", Sans-serif;font-size:35px;font-weight:600;text-transform:none;font-style:normal;text-decoration:none;line-height:1.2em;letter-spacing:0px;word-spacing:0em;}.elementor-widget-text-editor .eael-protected-content-message{font-family:var( --e-global-typography-secondary-font-family ), Sans-serif;font-size:var( --e-global-typography-secondary-font-size );font-weight:var( --e-global-typography-secondary-font-weight );text-transform:var( --e-global-typography-secondary-text-transform );font-style:var( --e-global-typography-secondary-font-style );text-decoration:var( --e-global-typography-secondary-text-decoration );line-height:var( --e-global-typography-secondary-line-height );letter-spacing:var( --e-global-typography-secondary-letter-spacing );}.elementor-widget-text-editor .protected-content-error-msg{font-family:var( --e-global-typography-secondary-font-family ), Sans-serif;font-size:var( --e-global-typography-secondary-font-size );font-weight:var( --e-global-typography-secondary-font-weight );text-transform:var( --e-global-typography-secondary-text-transform );font-style:var( --e-global-typography-secondary-font-style );text-decoration:var( --e-global-typography-secondary-text-decoration );line-height:var( --e-global-typography-secondary-line-height );letter-spacing:var( --e-global-typography-secondary-letter-spacing );}.elementor-widget-text-editor{font-family:var( --e-global-typography-text-font-family ), Sans-serif;font-size:var( --e-global-typography-text-font-size );font-weight:var( --e-global-typography-text-font-weight );text-transform:var( --e-global-typography-text-text-transform );font-style:var( --e-global-typography-text-font-style );text-decoration:var( --e-global-typography-text-text-decoration );line-height:var( --e-global-typography-text-line-height );letter-spacing:var( --e-global-typography-text-letter-spacing );color:var( --e-global-color-text );}.elementor-widget-text-editor.elementor-drop-cap-view-stacked .elementor-drop-cap{background-color:var( --e-global-color-primary );}.elementor-widget-text-editor.elementor-drop-cap-view-framed .elementor-drop-cap, .elementor-widget-text-editor.elementor-drop-cap-view-default .elementor-drop-cap{color:var( --e-global-color-primary );border-color:var( --e-global-color-primary );}.elementor-widget-blog-layouts .eael-protected-content-message{font-family:var( --e-global-typography-secondary-font-family ), Sans-serif;font-size:var( --e-global-typography-secondary-font-size );font-weight:var( --e-global-typography-secondary-font-weight );text-transform:var( --e-global-typography-secondary-text-transform );font-style:var( --e-global-typography-secondary-font-style );text-decoration:var( --e-global-typography-secondary-text-decoration );line-height:var( --e-global-typography-secondary-line-height );letter-spacing:var( --e-global-typography-secondary-letter-spacing );}.elementor-widget-blog-layouts .protected-content-error-msg{font-family:var( --e-global-typography-secondary-font-family ), Sans-serif;font-size:var( --e-global-typography-secondary-font-size );font-weight:var( --e-global-typography-secondary-font-weight );text-transform:var( --e-global-typography-secondary-text-transform );font-style:var( --e-global-typography-secondary-font-style );text-decoration:var( --e-global-typography-secondary-text-decoration );line-height:var( --e-global-typography-secondary-line-height );letter-spacing:var( --e-global-typography-secondary-letter-spacing );}.elementor-160 .elementor-element.elementor-element-bf2c8ab > .elementor-widget-container{margin:50px 0px 0px 0px;}:root{--page-title-display:none;}@media(max-width:1024px){.elementor-widget-container .eael-protected-content-message{font-size:var( --e-global-typography-secondary-font-size );line-height:var( --e-global-typography-secondary-line-height );letter-spacing:var( --e-global-typography-secondary-letter-spacing );}.elementor-widget-container .protected-content-error-msg{font-size:var( --e-global-typography-secondary-font-size );line-height:var( --e-global-typography-secondary-line-height );letter-spacing:var( --e-global-typography-secondary-letter-spacing );}.elementor-widget-heading .eael-protected-content-message{font-size:var( --e-global-typography-secondary-font-size );line-height:var( --e-global-typography-secondary-line-height );letter-spacing:var( --e-global-typography-secondary-letter-spacing );}.elementor-widget-heading .protected-content-error-msg{font-size:var( --e-global-typography-secondary-font-size );line-height:var( --e-global-typography-secondary-line-height );letter-spacing:var( --e-global-typography-secondary-letter-spacing );}.elementor-widget-heading .elementor-heading-title{font-size:var( --e-global-typography-primary-font-size );line-height:var( --e-global-typography-primary-line-height );letter-spacing:var( --e-global-typography-primary-letter-spacing );word-spacing:var( --e-global-typography-primary-word-spacing );}.elementor-160 .elementor-element.elementor-element-0601de1 .elementor-heading-title{font-size:45px;}.elementor-widget-text-editor .eael-protected-content-message{font-size:var( --e-global-typography-secondary-font-size );line-height:var( --e-global-typography-secondary-line-height );letter-spacing:var( --e-global-typography-secondary-letter-spacing );}.elementor-widget-text-editor .protected-content-error-msg{font-size:var( --e-global-typography-secondary-font-size );line-height:var( --e-global-typography-secondary-line-height );letter-spacing:var( --e-global-typography-secondary-letter-spacing );}.elementor-widget-text-editor{font-size:var( --e-global-typography-text-font-size );line-height:var( --e-global-typography-text-line-height );letter-spacing:var( --e-global-typography-text-letter-spacing );}.elementor-widget-blog-layouts .eael-protected-content-message{font-size:var( --e-global-typography-secondary-font-size );line-height:var( --e-global-typography-secondary-line-height );letter-spacing:var( --e-global-typography-secondary-letter-spacing );}.elementor-widget-blog-layouts .protected-content-error-msg{font-size:var( --e-global-typography-secondary-font-size );line-height:var( --e-global-typography-secondary-line-height );letter-spacing:var( --e-global-typography-secondary-letter-spacing );}}@media(max-width:767px){.elementor-widget-container .eael-protected-content-message{font-size:var( --e-global-typography-secondary-font-size );line-height:var( --e-global-typography-secondary-line-height );letter-spacing:var( --e-global-typography-secondary-letter-spacing );}.elementor-widget-container .protected-content-error-msg{font-size:var( --e-global-typography-secondary-font-size );line-height:var( --e-global-typography-secondary-line-height );letter-spacing:var( --e-global-typography-secondary-letter-spacing );}.elementor-widget-heading .eael-protected-content-message{font-size:var( --e-global-typography-secondary-font-size );line-height:var( --e-global-typography-secondary-line-height );letter-spacing:var( --e-global-typography-secondary-letter-spacing );}.elementor-widget-heading .protected-content-error-msg{font-size:var( --e-global-typography-secondary-font-size );line-height:var( --e-global-typography-secondary-line-height );letter-spacing:var( --e-global-typography-secondary-letter-spacing );}.elementor-widget-heading .elementor-heading-title{font-size:var( --e-global-typography-primary-font-size );line-height:var( --e-global-typography-primary-line-height );letter-spacing:var( --e-global-typography-primary-letter-spacing );word-spacing:var( --e-global-typography-primary-word-spacing );}.elementor-160 .elementor-element.elementor-element-87a2b35{text-align:center;}.elementor-160 .elementor-element.elementor-element-0601de1 > .elementor-widget-container{padding:16px 16px 16px 16px;}.elementor-160 .elementor-element.elementor-element-0601de1 .elementor-heading-title{font-size:28px;line-height:1.1em;}.elementor-widget-text-editor .eael-protected-content-message{font-size:var( --e-global-typography-secondary-font-size );line-height:var( --e-global-typography-secondary-line-height );letter-spacing:var( --e-global-typography-secondary-letter-spacing );}.elementor-widget-text-editor .protected-content-error-msg{font-size:var( --e-global-typography-secondary-font-size );line-height:var( --e-global-typography-secondary-line-height );letter-spacing:var( --e-global-typography-secondary-letter-spacing );}.elementor-widget-text-editor{font-size:var( --e-global-typography-text-font-size );line-height:var( --e-global-typography-text-line-height );letter-spacing:var( --e-global-typography-text-letter-spacing );}.elementor-160 .elementor-element.elementor-element-8b78bc1 > .elementor-widget-container{padding:16px 16px 16px 16px;}.elementor-widget-blog-layouts .eael-protected-content-message{font-size:var( --e-global-typography-secondary-font-size );line-height:var( --e-global-typography-secondary-line-height );letter-spacing:var( --e-global-typography-secondary-letter-spacing );}.elementor-widget-blog-layouts .protected-content-error-msg{font-size:var( --e-global-typography-secondary-font-size );line-height:var( --e-global-typography-secondary-line-height );letter-spacing:var( --e-global-typography-secondary-letter-spacing );}}<\/style>\t\t<div data-elementor-type=\"wp-page\" data-elementor-id=\"160\" class=\"elementor elementor-160\" data-elementor-post-type=\"page\">\n\t\t\t\t<div data-particle_enable=\"false\" data-particle-mobile-disabled=\"false\" class=\"elementor-element elementor-element-77fd718 e-flex e-con-boxed e-con e-parent\" data-id=\"77fd718\" data-element_type=\"container\" data-settings=\"{&quot;background_background&quot;:&quot;classic&quot;}\">\n\t\t\t\t\t<div class=\"e-con-inner\">\n\t\t\t\t<div class=\"elementor-element elementor-element-87a2b35 elementor-widget elementor-widget-heading\" data-id=\"87a2b35\" data-element_type=\"widget\" data-settings=\"{&quot;ekit_we_effect_on&quot;:&quot;none&quot;}\" data-widget_type=\"heading.default\">\n\t\t\t\t<div class=\"elementor-widget-container\">\n\t\t\t\t\t<h2 class=\"elementor-heading-title elementor-size-default\">\u0627\u0644\u0645\u062f\u0648\u0646\u0629<\/h2>\t\t\t\t<\/div>\n\t\t\t\t<\/div>\n\t\t\t\t\t<\/div>\n\t\t\t\t<\/div>\n\t\t<div data-particle_enable=\"false\" data-particle-mobile-disabled=\"false\" class=\"elementor-element elementor-element-c331583 e-flex e-con-boxed e-con e-parent\" data-id=\"c331583\" data-element_type=\"container\">\n\t\t\t\t\t<div class=\"e-con-inner\">\n\t\t\t\t<div class=\"elementor-element elementor-element-0601de1 elementor-widget elementor-widget-heading\" data-id=\"0601de1\" data-element_type=\"widget\" data-settings=\"{&quot;ekit_we_effect_on&quot;:&quot;none&quot;}\" data-widget_type=\"heading.default\">\n\t\t\t\t<div class=\"elementor-widget-container\">\n\t\t\t\t\t<h2 class=\"elementor-heading-title elementor-size-default\">\u0627\u0644\u062a\u0635\u0627\u0645\u064a\u0645 \u0627\u0644\u0645\u0644\u0647\u0645\u0629 \u0648\u0623\u062f\u0644\u0629 \u0635\u0646\u0627\u0639\u0629 \u0627\u0644\u0646\u0645\u0627\u0630\u062c<\/h2>\t\t\t\t<\/div>\n\t\t\t\t<\/div>\n\t\t\t\t<div class=\"elementor-element elementor-element-8b78bc1 elementor-widget elementor-widget-text-editor\" data-id=\"8b78bc1\" data-element_type=\"widget\" data-settings=\"{&quot;ekit_we_effect_on&quot;:&quot;none&quot;}\" data-widget_type=\"text-editor.default\">\n\t\t\t\t<div class=\"elementor-widget-container\">\n\t\t\t\t\t\t\t\t\t<p>\u062a\u0648\u062c\u062f \u0623\u0641\u0643\u0627\u0631 \u0625\u0628\u062f\u0627\u0639\u064a\u0629 \u0648\u062a\u0642\u0646\u064a\u0627\u062a \u0628\u0646\u0627\u0621 \u0648\u0645\u0634\u0627\u0631\u064a\u0639 \u0645\u0644\u0647\u0645\u0629 \u0644\u0639\u0634\u0627\u0642 \u0646\u0645\u0627\u0630\u062c \u0627\u0644\u0645\u062f\u0646 \u0639\u0644\u0649 \u0647\u0630\u0647 \u0627\u0644\u0645\u062f\u0648\u0646\u0629. \u0623\u062d\u062f\u062b \u0645\u062d\u062a\u0648\u0649 \u0639\u0646 \u0639\u0627\u0644\u0645 \u0627\u0644\u0646\u0645\u0627\u0630\u062c \u0645\u0648\u062c\u0648\u062f \u0647\u0646\u0627!<\/p>\t\t\t\t\t\t\t\t<\/div>\n\t\t\t\t<\/div>\n\t\t\t\t<div class=\"elementor-element elementor-element-bf2c8ab elementor-widget elementor-widget-blog-layouts\" data-id=\"bf2c8ab\" data-element_type=\"widget\" data-settings=\"{&quot;ekit_we_effect_on&quot;:&quot;none&quot;}\" data-widget_type=\"blog-layouts.default\">\n\t\t\t\t<div class=\"elementor-widget-container\">\n\t\t\t\t\t<div class=\"clearfix\"><\/div><div class=\"bloglayouts bloglayouts-bp-vc-element-blogs  bloglayouts-bp-blogs-style5 bloglayouts-bp-vc-blogs-3-col bloglayouts-bp-vc-element-blogs-1 element-no-padding\"><div class=\"bloglayouts-bp-vc-element-blogs-article-container\"><article class=\"item-blogs first-element-blogs col-xs-4  vc-element-post-odd\"><div class=\"article-image\"><a href=\"https:\/\/maketsehir.com\/ar\/villa-maketi\/\"><img decoding=\"async\" class=\"bloglayouts-thumbs\" src=\"https:\/\/maketsehir.com\/wp-content\/uploads\/2025\/04\/Maket-Ev-Villa-700x600.jpg\" alt=\"Villa Maketi\"><\/a><div class=\"article-info\"><div class=\"article-info-top\"><div class=\"article-category\"><\/div><h3 class=\"article-title\"><a href=\"https:\/\/maketsehir.com\/ar\/villa-maketi\/\" >Villa Maketi<\/a><\/h3><\/div><\/div><div class=\"item-blogs-pattern\"><\/div><\/div><\/article><article class=\"item-blogs first-element-blogs col-xs-4  vc-element-post-even\"><div class=\"article-image\"><a href=\"https:\/\/maketsehir.com\/ar\/%d8%a7%d9%84%d9%82%d9%88%d8%a7%d9%84%d8%a8-%d8%a7%d9%84%d8%b5%d9%86%d8%a7%d8%b9%d9%8a%d8%a9\/\"><img decoding=\"async\" class=\"bloglayouts-thumbs\" src=\"https:\/\/maketsehir.com\/wp-content\/uploads\/2025\/04\/Atlas8-Buyuk-800x450-1-700x450.jpg\" alt=\"\u0627\u0644\u0646\u0645\u0627\u0630\u062c \u0627\u0644\u0635\u0646\u0627\u0639\u064a\u0629\"><\/a><div class=\"article-info\"><div class=\"article-info-top\"><div class=\"article-category\"><\/div><h3 class=\"article-title\"><a href=\"https:\/\/maketsehir.com\/ar\/%d8%a7%d9%84%d9%82%d9%88%d8%a7%d9%84%d8%a8-%d8%a7%d9%84%d8%b5%d9%86%d8%a7%d8%b9%d9%8a%d8%a9\/\" >\u0627\u0644\u0646\u0645\u0627\u0630\u062c \u0627\u0644\u0635\u0646\u0627\u0639\u064a\u0629<\/a><\/h3><\/div><\/div><div class=\"item-blogs-pattern\"><\/div><\/div><\/article><article class=\"item-blogs first-element-blogs col-xs-4  vc-element-post-odd\"><div class=\"article-image\"><a href=\"https:\/\/maketsehir.com\/ar\/kentsel-tasarim-maketi\/\"><img decoding=\"async\" class=\"bloglayouts-thumbs\" src=\"https:\/\/maketsehir.com\/wp-content\/uploads\/2025\/04\/donusum-slider-700x674.png\" alt=\"Kentsel Tasar\u0131m Maketi\"><\/a><div class=\"article-info\"><div class=\"article-info-top\"><div class=\"article-category\"><\/div><h3 class=\"article-title\"><a href=\"https:\/\/maketsehir.com\/ar\/kentsel-tasarim-maketi\/\" >Kentsel Tasar\u0131m Maketi<\/a><\/h3><\/div><\/div><div class=\"item-blogs-pattern\"><\/div><\/div><\/article><div class=\"clearfix\"><\/div><article class=\"item-blogs first-element-blogs col-xs-4  vc-element-post-even\"><div class=\"article-image\"><a href=\"https:\/\/maketsehir.com\/ar\/vaziyet-maketi\/\"><img decoding=\"async\" class=\"bloglayouts-thumbs\" src=\"https:\/\/maketsehir.com\/wp-content\/uploads\/2025\/04\/20190115_233620-700x600.jpg\" alt=\"Vaziyet Maketi\"><\/a><div class=\"article-info\"><div class=\"article-info-top\"><div class=\"article-category\"><\/div><h3 class=\"article-title\"><a href=\"https:\/\/maketsehir.com\/ar\/vaziyet-maketi\/\" >Vaziyet Maketi<\/a><\/h3><\/div><\/div><div class=\"item-blogs-pattern\"><\/div><\/div><\/article><article class=\"item-blogs first-element-blogs col-xs-4  vc-element-post-odd\"><div class=\"article-image\"><a href=\"https:\/\/maketsehir.com\/ar\/tarihi-eser-maketi\/\"><img decoding=\"async\" class=\"bloglayouts-thumbs\" src=\"https:\/\/maketsehir.com\/wp-content\/uploads\/2025\/04\/22492-700x563.jpg\" alt=\"Tarihi Eser Maketi\"><\/a><div class=\"article-info\"><div class=\"article-info-top\"><div class=\"article-category\"><\/div><h3 class=\"article-title\"><a href=\"https:\/\/maketsehir.com\/ar\/tarihi-eser-maketi\/\" >Tarihi Eser Maketi<\/a><\/h3><\/div><\/div><div class=\"item-blogs-pattern\"><\/div><\/div><\/article><article class=\"item-blogs first-element-blogs col-xs-4  vc-element-post-even\"><div class=\"article-image\"><a href=\"https:\/\/maketsehir.com\/ar\/maketin-tarihcesi\/\"><img decoding=\"async\" class=\"bloglayouts-thumbs\" src=\"https:\/\/maketsehir.com\/wp-content\/uploads\/2025\/04\/Screenshot_2.png\" alt=\"Maketin Tarih\u00e7esi\"><\/a><div class=\"article-info\"><div class=\"article-info-top\"><div class=\"article-category\"><\/div><h3 class=\"article-title\"><a href=\"https:\/\/maketsehir.com\/ar\/maketin-tarihcesi\/\" >Maketin Tarih\u00e7esi<\/a><\/h3><\/div><\/div><div class=\"item-blogs-pattern\"><\/div><\/div><\/article><div class=\"clearfix\"><\/div><article class=\"item-blogs first-element-blogs col-xs-4  vc-element-post-odd\"><div class=\"article-image\"><a href=\"https:\/\/maketsehir.com\/ar\/konut-maketi\/\"><img decoding=\"async\" class=\"bloglayouts-thumbs\" src=\"https:\/\/maketsehir.com\/wp-content\/uploads\/2025\/04\/IMG_9527-scaled.webp\" alt=\"Konut Maketi\"><\/a><div class=\"article-info\"><div class=\"article-info-top\"><div class=\"article-category\"><\/div><h3 class=\"article-title\"><a href=\"https:\/\/maketsehir.com\/ar\/konut-maketi\/\" >Konut Maketi<\/a><\/h3><\/div><\/div><div class=\"item-blogs-pattern\"><\/div><\/div><\/article><\/div><div class=\"clearfix\"><\/div><div class=\"clearfix\"><\/div><div class=\"bloglayouts-bp-blogs-display-1 bloglayouts-bp-vc-pagination\"><div class=\"clearfix\"><\/div><\/div><\/div>\t\t\t\t<\/div>\n\t\t\t\t<\/div>\n\t\t\t\t\t<\/div>\n\t\t\t\t<\/div>\n\t\t\t\t<\/div>","protected":false},"excerpt":{"rendered":"<p>Blog \u0130lham Veren Tasar\u0131mlar ve Maket Yap\u0131m Rehberleri Maket \u015fehir tutkunlar\u0131 i\u00e7in yarat\u0131c\u0131 fikirler, yap\u0131m teknikleri ve ilham veren projeler bu blogda. Maket d\u00fcnyas\u0131na dair en g\u00fcncel i\u00e7erikler burada! Villa Maketi End\u00fcstriyel Maketler Kentsel Tasar\u0131m Maketi Vaziyet Maketi Tarihi Eser Maketi Maketin Tarih\u00e7esi Konut Maketi<\/p>","protected":false},"author":1,"featured_media":0,"parent":0,"menu_order":0,"comment_status":"closed","ping_status":"closed","template":"","meta":{"footnotes":""},"class_list":["post-160","page","type-page","status-publish","hentry"],"_links":{"self":[{"href":"https:\/\/maketsehir.com\/ar\/wp-json\/wp\/v2\/pages\/160","targetHints":{"allow":["GET"]}}],"collection":[{"href":"https:\/\/maketsehir.com\/ar\/wp-json\/wp\/v2\/pages"}],"about":[{"href":"https:\/\/maketsehir.com\/ar\/wp-json\/wp\/v2\/types\/page"}],"author":[{"embeddable":true,"href":"https:\/\/maketsehir.com\/ar\/wp-json\/wp\/v2\/users\/1"}],"replies":[{"embeddable":true,"href":"https:\/\/maketsehir.com\/ar\/wp-json\/wp\/v2\/comments?post=160"}],"version-history":[{"count":19,"href":"https:\/\/maketsehir.com\/ar\/wp-json\/wp\/v2\/pages\/160\/revisions"}],"predecessor-version":[{"id":1368,"href":"https:\/\/maketsehir.com\/ar\/wp-json\/wp\/v2\/pages\/160\/revisions\/1368"}],"wp:attachment":[{"href":"https:\/\/maketsehir.com\/ar\/wp-json\/wp\/v2\/media?parent=160"}],"curies":[{"name":"wp","href":"https:\/\/api.w.org\/{rel}","templated":true}]}}